{"id":9,"date":"2026-02-16T11:41:07","date_gmt":"2026-02-16T11:41:07","guid":{"rendered":"https:\/\/jorgearagao.art.br\/?page_id=9"},"modified":"2026-02-16T11:42:26","modified_gmt":"2026-02-16T11:42:26","slug":"dominio-a-venda","status":"publish","type":"page","link":"https:\/\/jorgearagao.art.br\/","title":{"rendered":"Dom\u00ednio \u00e0 Venda"},"content":{"rendered":"\t\t<div data-elementor-type=\"wp-page\" data-elementor-id=\"9\" class=\"elementor elementor-9\">\n\t\t\t\t<div class=\"elementor-element elementor-element-e8456d5 e-flex e-con-boxed e-con e-parent\" data-id=\"e8456d5\" data-element_type=\"container\" data-e-type=\"container\">\n\t\t\t\t\t<div class=\"e-con-inner\">\n\t\t\t\t<div class=\"elementor-element elementor-element-db31f80 elementor-widget elementor-widget-html\" data-id=\"db31f80\" data-element_type=\"widget\" data-e-type=\"widget\" data-widget_type=\"html.default\">\n\t\t\t\t\t<!DOCTYPE html>\r\n<html lang=\"pt-BR\">\r\n<head>\r\n    <meta charset=\"UTF-8\">\r\n    <meta name=\"viewport\" content=\"width=device-width, initial-scale=1.0\">\r\n    <title>Dom\u00ednio \u00e0 Venda<\/title>\r\n    <style>\r\n        * {\r\n            margin: 0;\r\n            padding: 0;\r\n            box-sizing: border-box;\r\n        }\r\n\r\n        body {\r\n            font-family: 'Segoe UI', Tahoma, Geneva, Verdana, sans-serif;\r\n            background: linear-gradient(135deg, #667eea 0%, #764ba2 100%);\r\n            min-height: 100vh;\r\n            display: flex;\r\n            justify-content: center;\r\n            align-items: center;\r\n            padding: 20px;\r\n        }\r\n\r\n        .container {\r\n            background: white;\r\n            padding: 60px 40px;\r\n            border-radius: 20px;\r\n            box-shadow: 0 20px 60px rgba(0, 0, 0, 0.3);\r\n            text-align: center;\r\n            max-width: 600px;\r\n            width: 100%;\r\n            animation: fadeIn 0.8s ease-in;\r\n        }\r\n\r\n        @keyframes fadeIn {\r\n            from {\r\n                opacity: 0;\r\n                transform: translateY(-20px);\r\n            }\r\n            to {\r\n                opacity: 1;\r\n                transform: translateY(0);\r\n            }\r\n        }\r\n\r\n        .icon {\r\n            font-size: 80px;\r\n            margin-bottom: 30px;\r\n            color: #667eea;\r\n        }\r\n\r\n        h1 {\r\n            color: #333;\r\n            font-size: 32px;\r\n            margin-bottom: 20px;\r\n            font-weight: 700;\r\n        }\r\n\r\n        .domain-name {\r\n            color: #667eea;\r\n            font-size: 28px;\r\n            font-weight: 600;\r\n            margin-bottom: 30px;\r\n            word-break: break-word;\r\n        }\r\n\r\n        p {\r\n            color: #666;\r\n            font-size: 18px;\r\n            line-height: 1.6;\r\n            margin-bottom: 30px;\r\n        }\r\n\r\n        .email-box {\r\n            background: #f8f9fa;\r\n            padding: 20px;\r\n            border-radius: 10px;\r\n            margin-bottom: 20px;\r\n            border: 2px solid #667eea;\r\n        }\r\n\r\n        .email {\r\n            color: #667eea;\r\n            font-size: 20px;\r\n            font-weight: 600;\r\n            text-decoration: none;\r\n            transition: color 0.3s ease;\r\n        }\r\n\r\n        .email:hover {\r\n            color: #764ba2;\r\n        }\r\n\r\n        .cta-button {\r\n            display: inline-block;\r\n            background: linear-gradient(135deg, #667eea 0%, #764ba2 100%);\r\n            color: white;\r\n            padding: 15px 40px;\r\n            border-radius: 50px;\r\n            text-decoration: none;\r\n            font-size: 18px;\r\n            font-weight: 600;\r\n            transition: transform 0.3s ease, box-shadow 0.3s ease;\r\n            box-shadow: 0 4px 15px rgba(102, 126, 234, 0.4);\r\n        }\r\n\r\n        .cta-button:hover {\r\n            transform: translateY(-2px);\r\n            box-shadow: 0 6px 20px rgba(102, 126, 234, 0.6);\r\n        }\r\n\r\n        @media (max-width: 600px) {\r\n            .container {\r\n                padding: 40px 25px;\r\n            }\r\n\r\n            h1 {\r\n                font-size: 26px;\r\n            }\r\n\r\n            .domain-name {\r\n                font-size: 22px;\r\n            }\r\n\r\n            p {\r\n                font-size: 16px;\r\n            }\r\n\r\n            .email {\r\n                font-size: 16px;\r\n            }\r\n        }\r\n    <\/style>\r\n<\/head>\r\n<body>\r\n    <div class=\"container\">\r\n        <div class=\"icon\">\ud83c\udf10<\/div>\r\n        <h1>Este dom\u00ednio est\u00e1 \u00e0 venda<\/h1>\r\n        <p class=\"domain-name\" id=\"domainName\"><\/p>\r\n        <p>Interessado em adquirir este dom\u00ednio?<br>Entre em contato conosco!<\/p>\r\n\r\n        <div class=\"email-box\">\r\n            <a href=\"mailto:dominio@jorgearagao.art.br\" class=\"email\">\r\n                dominio@jorgearagao.art.br\r\n            <\/a>\r\n        <\/div>\r\n\r\n        <a href=\"mailto:dominio@jorgearagao.art.br\" class=\"cta-button\">\r\n            Enviar E-mail\r\n        <\/a>\r\n    <\/div>\r\n\r\n    <script>\r\n        \/\/ Exibe o dom\u00ednio atual automaticamente\r\n        document.getElementById('domainName').textContent = window.location.hostname;\r\n    <\/script>\r\n<\/body>\r\n<\/html>\r\n\t\t\t\t<\/div>\n\t\t\t\t\t<\/div>\n\t\t\t\t<\/div>\n\t\t\t\t<\/div>\n\t\t","protected":false},"excerpt":{"rendered":"<p>Dom\u00ednio \u00e0 Venda \ud83c\udf10 Este dom\u00ednio est\u00e1 \u00e0 venda Interessado em adquirir este dom\u00ednio?Entre em contato conosco! dominio@jorgearagao.art.br Enviar E-mail<\/p>\n","protected":false},"author":1,"featured_media":0,"parent":0,"menu_order":0,"comment_status":"closed","ping_status":"closed","template":"elementor_canvas","meta":{"footnotes":""},"class_list":["post-9","page","type-page","status-publish","hentry"],"_links":{"self":[{"href":"https:\/\/jorgearagao.art.br\/index.php?rest_route=\/wp\/v2\/pages\/9","targetHints":{"allow":["GET"]}}],"collection":[{"href":"https:\/\/jorgearagao.art.br\/index.php?rest_route=\/wp\/v2\/pages"}],"about":[{"href":"https:\/\/jorgearagao.art.br\/index.php?rest_route=\/wp\/v2\/types\/page"}],"author":[{"embeddable":true,"href":"https:\/\/jorgearagao.art.br\/index.php?rest_route=\/wp\/v2\/users\/1"}],"replies":[{"embeddable":true,"href":"https:\/\/jorgearagao.art.br\/index.php?rest_route=%2Fwp%2Fv2%2Fcomments&post=9"}],"version-history":[{"count":4,"href":"https:\/\/jorgearagao.art.br\/index.php?rest_route=\/wp\/v2\/pages\/9\/revisions"}],"predecessor-version":[{"id":15,"href":"https:\/\/jorgearagao.art.br\/index.php?rest_route=\/wp\/v2\/pages\/9\/revisions\/15"}],"wp:attachment":[{"href":"https:\/\/jorgearagao.art.br\/index.php?rest_route=%2Fwp%2Fv2%2Fmedia&parent=9"}],"curies":[{"name":"wp","href":"https:\/\/api.w.org\/{rel}","templated":true}]}}